{"id":16,"date":"2024-11-08T09:04:38","date_gmt":"2024-11-08T12:04:38","guid":{"rendered":"https:\/\/euromedsaude.com.br\/?page_id=16"},"modified":"2024-11-08T16:51:54","modified_gmt":"2024-11-08T19:51:54","slug":"carreiras","status":"publish","type":"page","link":"https:\/\/euromedsaude.com.br\/index.php\/carreiras\/","title":{"rendered":"Carreiras"},"content":{"rendered":"\t\t<div data-elementor-type=\"wp-page\" data-elementor-id=\"16\" class=\"elementor elementor-16\">\n\t\t\t\t<div class=\"elementor-element elementor-element-339425b e-flex e-con-boxed e-con e-parent\" data-id=\"339425b\" data-element_type=\"container\">\n\t\t\t\t\t<div class=\"e-con-inner\">\n\t\t\t\t<div class=\"elementor-element elementor-element-ebc6d75 elementor-widget elementor-widget-heading\" data-id=\"ebc6d75\" data-element_type=\"widget\" data-widget_type=\"heading.default\">\n\t\t\t\t<div class=\"elementor-widget-container\">\n\t\t\t<h5 class=\"elementor-heading-title elementor-size-default\">CARREIRAS<\/h5>\t\t<\/div>\n\t\t\t\t<\/div>\n\t\t\t\t<div class=\"elementor-element elementor-element-1b71971 elementor-widget elementor-widget-heading\" data-id=\"1b71971\" data-element_type=\"widget\" data-widget_type=\"heading.default\">\n\t\t\t\t<div class=\"elementor-widget-container\">\n\t\t\t<h1 class=\"elementor-heading-title elementor-size-default\">Fa\u00e7a parte do nosso time!<\/h1>\t\t<\/div>\n\t\t\t\t<\/div>\n\t\t\t\t\t<\/div>\n\t\t\t\t<\/div>\n\t\t<div class=\"elementor-element elementor-element-8648dfc e-flex e-con-boxed e-con e-parent\" data-id=\"8648dfc\" data-element_type=\"container\">\n\t\t\t\t\t<div class=\"e-con-inner\">\n\t\t\t\t<div class=\"elementor-element elementor-element-9c5bd84 elementor-widget elementor-widget-metform\" data-id=\"9c5bd84\" data-element_type=\"widget\" data-widget_type=\"metform.default\">\n\t\t\t\t<div class=\"elementor-widget-container\">\n\t\t\t<div id=\"mf-response-props-id-141\" data-previous-steps-style=\"\" data-editswitchopen=\"\" data-response_type=\"alert\" data-erroricon=\"fas fa-exclamation-triangle\" data-successicon=\"fas fa-check\" data-messageposition=\"top\" class=\"   mf-scroll-top-no\">\n\t\t<div class=\"formpicker_warper formpicker_warper_editable\" data-metform-formpicker-key=\"141\" >\n\t\t\t\t\n\t\t\t<div class=\"elementor-widget-container\">\n\t\t\t\t\r\n\t\t<div\r\n\t\t\tid=\"metform-wrap-9c5bd84-141\"\r\n\t\t\tclass=\"mf-form-wrapper\"\r\n\t\t\tdata-form-id=\"141\"\r\n\t\t\tdata-action=\"https:\/\/euromedsaude.com.br\/index.php\/wp-json\/metform\/v1\/entries\/insert\/141\"\r\n\t\t\tdata-wp-nonce=\"b22c6bf306\"\r\n\t\t\tdata-form-nonce=\"c69141bdec\"\r\n\t\t\tdata-quiz-summery = \"false\"\r\n\t\t\tdata-save-progress = \"false\"\r\n\t\t\tdata-form-type=\"general-form\"\r\n\t\t\tdata-stop-vertical-effect=\"\"\r\n\t\t\t><\/div>\r\n\r\n\r\n\t\t<!----------------------------- \r\n\t\t\t* controls_data : find the the props passed indie of data attribute\r\n\t\t\t* props.SubmitResponseMarkup : contains the markup of error or success message\r\n\t\t\t* https:\/\/developer.mozilla.org\/en-US\/docs\/Web\/JavaScript\/Reference\/Template_literals\r\n\t\t--------------------------- -->\r\n\r\n\t\t\t\t<script type=\"text\/mf\" class=\"mf-template\">\r\n\t\t\tfunction controls_data (value){\r\n\t\t\t\tlet currentWrapper = \"mf-response-props-id-141\";\r\n\t\t\t\tlet currentEl = document.getElementById(currentWrapper);\r\n\t\t\t\t\r\n\t\t\t\treturn currentEl ? currentEl.dataset[value] : false\r\n\t\t\t}\r\n\r\n\r\n\t\t\tlet is_edit_mode = '' ? true : false;\r\n\t\t\tlet message_position = controls_data('messageposition') || 'top';\r\n\r\n\t\t\t\r\n\t\t\tlet message_successIcon = controls_data('successicon') || '';\r\n\t\t\tlet message_errorIcon = controls_data('erroricon') || '';\r\n\t\t\tlet message_editSwitch = controls_data('editswitchopen') === 'yes' ? true : false;\r\n\t\t\tlet message_proClass = controls_data('editswitchopen') === 'yes' ? 'mf_pro_activated' : '';\r\n\t\t\t\r\n\t\t\tlet is_dummy_markup = is_edit_mode && message_editSwitch ? true : false;\r\n\r\n\t\t\t\r\n\t\t\treturn html`\r\n\t\t\t\t<form\r\n\t\t\t\t\tclassName=\"metform-form-content\"\r\n\t\t\t\t\tref=${parent.formContainerRef}\r\n\t\t\t\t\tonSubmit=${ validation.handleSubmit( parent.handleFormSubmit ) }\r\n\t\t\t\t\r\n\t\t\t\t\t>\r\n\t\t\t\r\n\t\t\t\r\n\t\t\t\t\t${is_dummy_markup ? message_position === 'top' ?  props.ResponseDummyMarkup(message_successIcon, message_proClass) : '' : ''}\r\n\t\t\t\t\t${is_dummy_markup ? ' ' :  message_position === 'top' ? props.SubmitResponseMarkup`${parent}${state}${message_successIcon}${message_errorIcon}${message_proClass}` : ''}\r\n\r\n\t\t\t\t\t<!--------------------------------------------------------\r\n\t\t\t\t\t*** IMPORTANT \/ DANGEROUS ***\r\n\t\t\t\t\t${html``} must be used as in immediate child of \"metform-form-main-wrapper\"\r\n\t\t\t\t\tclass otherwise multistep form will not run at all\r\n\t\t\t\t\t---------------------------------------------------------->\r\n\r\n\t\t\t\t\t<div className=\"metform-form-main-wrapper\" key=${'hide-form-after-submit'} ref=${parent.formRef}>\r\n\t\t\t\t\t${html`\r\n\t\t\t\t\t\t\t\t<div data-elementor-type=\"wp-post\" key=\"2\" data-elementor-id=\"141\" className=\"elementor elementor-141\">\n\t\t\t\t<div className=\"elementor-element elementor-element-129caa2 e-flex e-con-boxed e-con e-parent\" data-id=\"129caa2\" data-element_type=\"container\">\n\t\t\t\t\t<div className=\"e-con-inner\">\n\t\t\t\t<div className=\"elementor-element elementor-element-6a9ec10 elementor-widget elementor-widget-mf-multi-select\" data-id=\"6a9ec10\" data-element_type=\"widget\" data-settings=\"{&quot;mf_input_name&quot;:&quot;mf-area&quot;,&quot;mf_input_list&quot;:[{&quot;label&quot;:&quot;Medicina&quot;,&quot;value&quot;:&quot;medicina&quot;,&quot;_id&quot;:&quot;79778a0&quot;,&quot;mf_input_option_status&quot;:&quot;&quot;,&quot;mf_input_option_selected&quot;:&quot;&quot;},{&quot;label&quot;:&quot;Enfermagem&quot;,&quot;value&quot;:&quot;enfermagem&quot;,&quot;_id&quot;:&quot;9f12271&quot;,&quot;mf_input_option_status&quot;:&quot;&quot;,&quot;mf_input_option_selected&quot;:&quot;&quot;},{&quot;label&quot;:&quot;Tec. de Enfermagem&quot;,&quot;value&quot;:&quot;tecenfermagem&quot;,&quot;_id&quot;:&quot;3796a1a&quot;,&quot;mf_input_option_status&quot;:&quot;&quot;,&quot;mf_input_option_selected&quot;:&quot;&quot;},{&quot;_id&quot;:&quot;168c2ae&quot;,&quot;label&quot;:&quot;Fisioterapia&quot;,&quot;value&quot;:&quot;fisioterapia&quot;,&quot;mf_input_option_status&quot;:&quot;&quot;,&quot;mf_input_option_selected&quot;:&quot;&quot;},{&quot;_id&quot;:&quot;bc0fd1f&quot;,&quot;label&quot;:&quot;Fonoaudiologia&quot;,&quot;value&quot;:&quot;fonoaudiologia&quot;,&quot;mf_input_option_status&quot;:&quot;&quot;,&quot;mf_input_option_selected&quot;:&quot;&quot;},{&quot;_id&quot;:&quot;d2f3aaf&quot;,&quot;label&quot;:&quot;Nutri\\u00e7\\u00e3o&quot;,&quot;value&quot;:&quot;nutricao&quot;,&quot;mf_input_option_status&quot;:&quot;&quot;,&quot;mf_input_option_selected&quot;:&quot;&quot;}]}\" data-widget_type=\"mf-multi-select.default\">\n\t\t\t\t<div className=\"elementor-widget-container\">\n\t\t\t\r\n        \r\n\t\t<div className=\"mf-input-wrapper\">\r\n\t\t\t\r\n            <${props.Select}\r\n                isOptionDisabled=${option => option.mf_input_option_status === 'disabled'}\r\n                className=${\"mf-input mf-input-multiselect  \" + ( validation.errors['mf-area'] ? 'mf-invalid' : '' )}\r\n                classNamePrefix=\"mf_multiselect\"\r\n                value=${parent.getValue(\"mf-area\") && [{\"label\":\"Medicina\",\"value\":\"medicina\",\"_id\":\"79778a0\",\"mf_input_option_status\":\"\",\"mf_input_option_selected\":\"\"},{\"label\":\"Enfermagem\",\"value\":\"enfermagem\",\"_id\":\"9f12271\",\"mf_input_option_status\":\"\",\"mf_input_option_selected\":\"\"},{\"label\":\"Tec. de Enfermagem\",\"value\":\"tecenfermagem\",\"_id\":\"3796a1a\",\"mf_input_option_status\":\"\",\"mf_input_option_selected\":\"\"},{\"_id\":\"168c2ae\",\"label\":\"Fisioterapia\",\"value\":\"fisioterapia\",\"mf_input_option_status\":\"\",\"mf_input_option_selected\":\"\"},{\"_id\":\"bc0fd1f\",\"label\":\"Fonoaudiologia\",\"value\":\"fonoaudiologia\",\"mf_input_option_status\":\"\",\"mf_input_option_selected\":\"\"},{\"_id\":\"d2f3aaf\",\"label\":\"Nutri\\u00e7\\u00e3o\",\"value\":\"nutricao\",\"mf_input_option_status\":\"\",\"mf_input_option_selected\":\"\"}].filter(item => {\r\n                    if(parent.state.formData['mf-area'] && parent.state.formData['mf-area'].indexOf(item.value) != -1 ){\r\n                        return item;\r\n                    }\r\n                })}\r\n                name='mf-area'\r\n                placeholder=\"${ parent.decodeEntities(`\u00c1rea de atua\u00e7\u00e3o`) } \"\r\n                options=${[{\"label\":\"Medicina\",\"value\":\"medicina\",\"_id\":\"79778a0\",\"mf_input_option_status\":\"\",\"mf_input_option_selected\":\"\"},{\"label\":\"Enfermagem\",\"value\":\"enfermagem\",\"_id\":\"9f12271\",\"mf_input_option_status\":\"\",\"mf_input_option_selected\":\"\"},{\"label\":\"Tec. de Enfermagem\",\"value\":\"tecenfermagem\",\"_id\":\"3796a1a\",\"mf_input_option_status\":\"\",\"mf_input_option_selected\":\"\"},{\"_id\":\"168c2ae\",\"label\":\"Fisioterapia\",\"value\":\"fisioterapia\",\"mf_input_option_status\":\"\",\"mf_input_option_selected\":\"\"},{\"_id\":\"bc0fd1f\",\"label\":\"Fonoaudiologia\",\"value\":\"fonoaudiologia\",\"mf_input_option_status\":\"\",\"mf_input_option_selected\":\"\"},{\"_id\":\"d2f3aaf\",\"label\":\"Nutri\\u00e7\\u00e3o\",\"value\":\"nutricao\",\"mf_input_option_status\":\"\",\"mf_input_option_selected\":\"\"}]}\r\n                onChange=${(el) => {\r\n                    setValue(\"mf-area\", '');\r\n                    if(el != null){\r\n                        setValue(\"mf-area\", el, true);\r\n                    }\r\n                    parent.multiSelectChange(el, 'mf-area');\r\n                }}\r\n                ref=${() => {\r\n\t\t\t\t                    register({ name: \"mf-area\" }, parent.activateValidation({\"message\":\"This field is required.\",\"minLength\":1,\"maxLength\":\"\",\"type\":\"none\",\"required\":false}));\r\n                    if(parent.state?.submitted !== true){\r\n                        if ( parent.getValue(\"mf-area\") === '' && false ) {\r\n                            parent.setValue( 'mf-area', '[]');\r\n                            parent.multiSelectChange('[]', 'mf-area');\r\n                        }\r\n                    }\r\n                }}\r\n                isMulti\r\n            \/>\r\n            \r\n            \t\t\t\t<${validation.ErrorMessage}\r\n\t\t\t\t\terrors=${validation.errors}\r\n\t\t\t\t\tname=\"mf-area\"\r\n\t\t\t\t\tas=${html`<span className=\"mf-error-message\"><\/span>`}\r\n\t\t\t\t\t\/>\r\n\t\t\t\r\n\t\t\t            \r\n        <\/div>\r\n\r\n\t\t\r\n        \t\t<\/div>\n\t\t\t\t<\/div>\n\t\t\t\t<div className=\"elementor-element elementor-element-d26746b elementor-widget elementor-widget-mf-text\" data-id=\"d26746b\" data-element_type=\"widget\" data-settings=\"{&quot;mf_input_name&quot;:&quot;mf-nome&quot;}\" data-widget_type=\"mf-text.default\">\n\t\t\t\t<div className=\"elementor-widget-container\">\n\t\t\t\r\n\t\t<div className=\"mf-input-wrapper\">\r\n\t\t\t\r\n\t\t\t<input\r\n\t\t\t\ttype=\"text\"\r\n\t\t\t\tclassName=\"mf-input \"\r\n\t\t\t\tid=\"mf-input-text-d26746b\"\r\n\t\t\t\tname=\"mf-nome\"\r\n\t\t\t\tplaceholder=\"${ parent.decodeEntities(`Nome`) } \"\r\n\t\t\t\t\t\t\t\t\tonInput=${parent.handleChange}\r\n\t\t\t\t\tonBlur=${parent.handleChange}\r\n\t\t\t\t\taria-invalid=${validation.errors['mf-nome'] ? 'true' : 'false'}\r\n\t\t\t\t\tref=${el =>{\r\n\t\t\t\t\t\t\t\t\t\t\t\tparent.activateValidation({\"message\":\"This field is required.\",\"minLength\":1,\"maxLength\":\"\",\"type\":\"none\",\"required\":false,\"expression\":\"null\"}, el)\r\n\t\t\t\t\t}}\r\n\t\t\t\t\t\t\t\t\/>\r\n\r\n\t\t\t\t\t\t\t<${validation.ErrorMessage}\r\n\t\t\t\t\terrors=${validation.errors}\r\n\t\t\t\t\tname=\"mf-nome\"\r\n\t\t\t\t\tas=${html`<span className=\"mf-error-message\"><\/span>`}\r\n\t\t\t\t\t\/>\r\n\t\t\t\r\n\t\t\t\t\t<\/div>\r\n\r\n\t\t\t\t<\/div>\n\t\t\t\t<\/div>\n\t\t\t\t<div className=\"elementor-element elementor-element-efc58d9 elementor-widget elementor-widget-mf-number\" data-id=\"efc58d9\" data-element_type=\"widget\" data-settings=\"{&quot;mf_input_name&quot;:&quot;mf-registro&quot;}\" data-widget_type=\"mf-number.default\">\n\t\t\t\t<div className=\"elementor-widget-container\">\n\t\t\t\r\n\t\t<div className=\"mf-input-wrapper\">\r\n\t\t\t\r\n\t\t\t<input\r\n\t\t\t\ttype=\"number\"\r\n\t\t\t\tstep=\"any\"\r\n\t\t\t\tclassName=\"mf-input \"\r\n\t\t\t\tid=\"mf-input-mobile-efc58d9\"\r\n\t\t\t\tname=\"mf-registro\"\r\n\t\t\t\tplaceholder=\"${ parent.decodeEntities(`Registro no Conselho`) } \"\r\n\t\t\t\t\t\t\t\t\tonInput=${parent.handleChange}\r\n\t\t\t\t\taria-invalid=${validation.errors['mf-registro'] ? 'true' : 'false'}\r\n\t\t\t\t\tref=${el => parent.activateValidation({\"message\":\"This field is required.\",\"minLength\":1,\"maxLength\":\"\",\"type\":\"none\",\"required\":false,\"expression\":\"null\"}, el)}\r\n\t\t\t\t\t\t\t\t\/>\r\n\r\n\t\t\t\t\t\t\t<${validation.ErrorMessage}\r\n\t\t\t\t\terrors=${validation.errors}\r\n\t\t\t\t\tname=\"mf-registro\"\r\n\t\t\t\t\tas=${html`<span className=\"mf-error-message\"><\/span>`}\r\n\t\t\t\t\t\/>\r\n\t\t\t\r\n\t\t\t\t\t<\/div>\r\n\r\n\t\t\t\t<\/div>\n\t\t\t\t<\/div>\n\t\t\t\t<div className=\"elementor-element elementor-element-6cb80de elementor-widget elementor-widget-mf-number\" data-id=\"6cb80de\" data-element_type=\"widget\" data-settings=\"{&quot;mf_input_name&quot;:&quot;mf-cpf&quot;}\" data-widget_type=\"mf-number.default\">\n\t\t\t\t<div className=\"elementor-widget-container\">\n\t\t\t\r\n\t\t<div className=\"mf-input-wrapper\">\r\n\t\t\t\r\n\t\t\t<input\r\n\t\t\t\ttype=\"number\"\r\n\t\t\t\tstep=\"any\"\r\n\t\t\t\tclassName=\"mf-input \"\r\n\t\t\t\tid=\"mf-input-mobile-6cb80de\"\r\n\t\t\t\tname=\"mf-cpf\"\r\n\t\t\t\tplaceholder=\"${ parent.decodeEntities(`CPF (Apenas n\u00fameros)`) } \"\r\n\t\t\t\t\t\t\t\t\tonInput=${parent.handleChange}\r\n\t\t\t\t\taria-invalid=${validation.errors['mf-cpf'] ? 'true' : 'false'}\r\n\t\t\t\t\tref=${el => parent.activateValidation({\"message\":\"This field is required.\",\"minLength\":1,\"maxLength\":\"\",\"type\":\"none\",\"required\":false,\"expression\":\"null\"}, el)}\r\n\t\t\t\t\t\t\t\t\/>\r\n\r\n\t\t\t\t\t\t\t<${validation.ErrorMessage}\r\n\t\t\t\t\terrors=${validation.errors}\r\n\t\t\t\t\tname=\"mf-cpf\"\r\n\t\t\t\t\tas=${html`<span className=\"mf-error-message\"><\/span>`}\r\n\t\t\t\t\t\/>\r\n\t\t\t\r\n\t\t\t\t\t<\/div>\r\n\r\n\t\t\t\t<\/div>\n\t\t\t\t<\/div>\n\t\t\t\t<div className=\"elementor-element elementor-element-ff68732 elementor-widget elementor-widget-mf-email\" data-id=\"ff68732\" data-element_type=\"widget\" data-settings=\"{&quot;mf_input_name&quot;:&quot;mf-email&quot;}\" data-widget_type=\"mf-email.default\">\n\t\t\t\t<div className=\"elementor-widget-container\">\n\t\t\t\r\n\t\t<div className=\"mf-input-wrapper\">\r\n\t\t\t\r\n\t\t\t<input \r\n\t\t\t\ttype=\"email\" \r\n\t\t\t\t \r\n\t\t\t\tdefaultValue=\"\" \r\n\t\t\t\tclassName=\"mf-input \" \r\n\t\t\t\tid=\"mf-input-email-ff68732\" \r\n\t\t\t\tname=\"mf-email\" \r\n\t\t\t\tplaceholder=\"${ parent.decodeEntities(`Email`) } \" \r\n\t\t\t\t \r\n\t\t\t\tonBlur=${parent.handleChange} onFocus=${parent.handleChange} aria-invalid=${validation.errors['mf-email'] ? 'true' : 'false' } \r\n\t\t\t\tref=${el=> parent.activateValidation({\"message\":\"This field is required.\",\"emailMessage\":\"Please enter a valid Email address\",\"minLength\":1,\"maxLength\":\"\",\"type\":\"none\",\"required\":false,\"expression\":\"null\"}, el)}\r\n\t\t\t\t\t\t\t\/>\r\n\r\n\t\t\t\t\t\t<${validation.ErrorMessage} \r\n\t\t\t\terrors=${validation.errors} \r\n\t\t\t\tname=\"mf-email\" \r\n\t\t\t\tas=${html`<span className=\"mf-error-message\"><\/span>`}\r\n\t\t\t\/>\r\n\t\t\t\r\n\t\t\t\t\t<\/div>\r\n\r\n\t\t<\/div>\n\t\t\t\t<\/div>\n\t\t\t\t<div className=\"elementor-element elementor-element-ae79d27 elementor-widget elementor-widget-mf-telephone\" data-id=\"ae79d27\" data-element_type=\"widget\" data-settings=\"{&quot;mf_input_name&quot;:&quot;mf-telefone&quot;}\" data-widget_type=\"mf-telephone.default\">\n\t\t\t\t<div className=\"elementor-widget-container\">\n\t\t\t\n\t\t<div className=\"mf-input-wrapper\">\n\t\t\t\n\t\t\t<input\n\t\t\t\ttype=\"tel\"\n\t\t\t\tclassName=\"mf-input \"\n\t\t\t\tid=\"mf-input-telephone-ae79d27\" \n\t\t\t\tname=\"mf-telefone\"\n\t\t\t\tplaceholder=\"${ parent.decodeEntities(`Telefone`) } \"\n\t\t\t\t\t\t\t\t\tonInput=${parent.handleChange}\n\t\t\t\t\taria-invalid=${validation.errors['mf-telefone'] ? 'true' : 'false'}\n\t\t\t\t\tref=${el => parent.activateValidation({\"message\":\"This field is required.\",\"minLength\":1,\"maxLength\":\"\",\"type\":\"none\",\"required\":false,\"expression\":\"null\"}, el)}\n\t\t\t\t\t\t\t\t\/>\n\t\t\t\n\t\t\t\t\t\t\t<${validation.ErrorMessage}\n\t\t\t\t\terrors=${validation.errors}\n\t\t\t\t\tname=\"mf-telefone\"\n\t\t\t\t\tas=${html`<span className=\"mf-error-message\"><\/span>`}\n\t\t\t\t\t\/>\n\t\t\t\n\t\t\t\n\t\t<\/div>\n\n\t\t\t\t<\/div>\n\t\t\t\t<\/div>\n\t\t\t\t<div className=\"elementor-element elementor-element-447f39c elementor-widget elementor-widget-mf-file-upload\" data-id=\"447f39c\" data-element_type=\"widget\" data-settings=\"{&quot;mf_input_name&quot;:&quot;mf-curriculo&quot;}\" data-widget_type=\"mf-file-upload.default\">\n\t\t\t\t<div className=\"elementor-widget-container\">\n\t\t\t\t\t\r\n\t\t\r\n\t\t<div className=\"mf-input-wrapper\">\r\n\t\t\t\r\n\t\t\t<div className=\"mf-file-upload-container multi-option-input-type\">\r\n\t\t\t\t<input\r\n\t\t\t\t\ttype=\"file\"\r\n\t\t\t\t\tclassName=\"mf-input mf-input-file-upload \"\r\n\t\t\t\t\tid=\"mf-input-file-upload-447f39c\" \r\n\t\t\t\t\tname=\"mf-curriculo\" \r\n\t\t\t\t\t\t\t\t\t\taccept=\".pdf\"\r\n\t\t\t\t\tonInput=${ parent.handleFileUpload }\r\n\t\t\t\t\taria-invalid=${validation.errors['mf-curriculo'] ? 'true' : 'false'}\r\n\t\t\t\t\tref=${ el => parent.activateValidation({\"message\":\"This field is required.\",\"required\":false,\"file_types\":[\".pdf\"],\"type_message\":\"Invalid file extension\",\"size_limit\":-1,\"limit_message\":\"This field is required.\"}, el) }\r\n\t\t\t\t\t\/>\r\n\t\t\t\t<label htmlFor=\"mf-input-file-upload-447f39c\" className=\"mf-input-file-upload-label metform-btn\">\r\n\t\t\t\t\t<span>${ parent.decodeEntities(` Carregue seu curr\u00edculo`) } <\/span><i aria-hidden=\"true\" className=\"icon icon-upload\"><\/i>\t\t\t\t<\/label>\r\n\t\t\t\t<div className=\"mf-file-name\">\r\n\t\t\t\t\t<span>${parent.getFileLabel( 'mf-curriculo', 'Nenhum arquivo selecionado' )}<\/span>\r\n\t\t\t\t<\/div>\r\n\t\t\t\t\r\n\t\t\t<\/div>\r\n\r\n\t\t\t\t\t\t\t<${validation.ErrorMessage}\r\n\t\t\t\t\terrors=${validation.errors}\r\n\t\t\t\t\tname=\"mf-curriculo\"\r\n\t\t\t\t\tas=${html`<span className=\"mf-error-message\"><\/span>`}\r\n\t\t\t\t\t\/>\r\n\t\t\t\r\n\t\t\t\t\t<\/div>\r\n\r\n\t\t\r\n\t\t\t\t<\/div>\n\t\t\t\t<\/div>\n\t\t\t\t<div className=\"elementor-element elementor-element-048c5e0 mf-btn--center elementor-widget elementor-widget-mf-button\" data-id=\"048c5e0\" data-element_type=\"widget\" data-widget_type=\"mf-button.default\">\n\t\t\t\t<div className=\"elementor-widget-container\">\n\t\t\t\t\t<div className=\"mf-btn-wraper \" data-mf-form-conditional-logic-requirement=\"\">\r\n\t\t\t\t\t\t\t<button type=\"submit\" className=\"metform-btn metform-submit-btn \" id=\"\">\r\n\t\t\t\t\t<span>${ parent.decodeEntities(`Quero fazer parte!`) } <\/span>\r\n\t\t\t\t<\/button>\r\n\t\t\t        <\/div>\r\n        \t\t<\/div>\n\t\t\t\t<\/div>\n\t\t\t\t\t<\/div>\n\t\t\t\t<\/div>\n\t\t\t\t<\/div>\n\t\t\t\t\t\t\t`}\r\n\t\t\t\t\t<\/div>\r\n\r\n\t\t\t\t\t${is_dummy_markup ? message_position === 'bottom' ? props.ResponseDummyMarkup(message_successIcon, message_proClass) : '' : ''}\r\n\t\t\t\t\t${is_dummy_markup ? ' ' : message_position === 'bottom' ? props.SubmitResponseMarkup`${parent}${state}${message_successIcon}${message_errorIcon}${message_proClass}` : ''}\r\n\t\t\t\t\r\n\t\t\t\t<\/form>\r\n\t\t\t`\r\n\t\t<\/script>\r\n\r\n\t\t\t\t\t<\/div>\n\t\t<\/div>\n\t\t<\/div>\t\t<\/div>\n\t\t\t\t<\/div>\n\t\t\t\t\t<\/div>\n\t\t\t\t<\/div>\n\t\t\t\t<\/div>\n\t\t","protected":false},"excerpt":{"rendered":"<p>CARREIRAS Fa\u00e7a parte do nosso time!<\/p>\n","protected":false},"author":1,"featured_media":0,"parent":0,"menu_order":0,"comment_status":"closed","ping_status":"closed","template":"elementor_header_footer","meta":{"footnotes":""},"class_list":["post-16","page","type-page","status-publish","hentry"],"_links":{"self":[{"href":"https:\/\/euromedsaude.com.br\/index.php\/wp-json\/wp\/v2\/pages\/16","targetHints":{"allow":["GET"]}}],"collection":[{"href":"https:\/\/euromedsaude.com.br\/index.php\/wp-json\/wp\/v2\/pages"}],"about":[{"href":"https:\/\/euromedsaude.com.br\/index.php\/wp-json\/wp\/v2\/types\/page"}],"author":[{"embeddable":true,"href":"https:\/\/euromedsaude.com.br\/index.php\/wp-json\/wp\/v2\/users\/1"}],"replies":[{"embeddable":true,"href":"https:\/\/euromedsaude.com.br\/index.php\/wp-json\/wp\/v2\/comments?post=16"}],"version-history":[{"count":7,"href":"https:\/\/euromedsaude.com.br\/index.php\/wp-json\/wp\/v2\/pages\/16\/revisions"}],"predecessor-version":[{"id":158,"href":"https:\/\/euromedsaude.com.br\/index.php\/wp-json\/wp\/v2\/pages\/16\/revisions\/158"}],"wp:attachment":[{"href":"https:\/\/euromedsaude.com.br\/index.php\/wp-json\/wp\/v2\/media?parent=16"}],"curies":[{"name":"wp","href":"https:\/\/api.w.org\/{rel}","templated":true}]}}