{"id":18,"date":"2024-11-08T09:06:24","date_gmt":"2024-11-08T12:06:24","guid":{"rendered":"https:\/\/euromedsaude.com.br\/?page_id=18"},"modified":"2024-11-08T15:56:34","modified_gmt":"2024-11-08T18:56:34","slug":"sobre","status":"publish","type":"page","link":"https:\/\/euromedsaude.com.br\/index.php\/sobre\/","title":{"rendered":"Sobre"},"content":{"rendered":"\t\t<div data-elementor-type=\"wp-page\" data-elementor-id=\"18\" class=\"elementor elementor-18\">\n\t\t\t\t<div class=\"elementor-element elementor-element-3f5ad0d e-flex e-con-boxed e-con e-parent\" data-id=\"3f5ad0d\" data-element_type=\"container\">\n\t\t\t\t\t<div class=\"e-con-inner\">\n\t\t\t\t<div class=\"elementor-element elementor-element-5e94132 elementor-widget elementor-widget-heading\" data-id=\"5e94132\" data-element_type=\"widget\" data-widget_type=\"heading.default\">\n\t\t\t\t<div class=\"elementor-widget-container\">\n\t\t\t<h5 class=\"elementor-heading-title elementor-size-default\">SOBRE A EUROMED<\/h5>\t\t<\/div>\n\t\t\t\t<\/div>\n\t\t\t\t<div class=\"elementor-element elementor-element-bfe413b elementor-widget elementor-widget-heading\" data-id=\"bfe413b\" data-element_type=\"widget\" data-widget_type=\"heading.default\">\n\t\t\t\t<div class=\"elementor-widget-container\">\n\t\t\t<h1 class=\"elementor-heading-title elementor-size-default\">Conhe\u00e7a a EuroMed<\/h1>\t\t<\/div>\n\t\t\t\t<\/div>\n\t\t\t\t<div class=\"elementor-element elementor-element-0058f82 elementor-widget elementor-widget-heading\" data-id=\"0058f82\" data-element_type=\"widget\" data-widget_type=\"heading.default\">\n\t\t\t\t<div class=\"elementor-widget-container\">\n\t\t\t<h5 class=\"elementor-heading-title elementor-size-default\">A Euromed Sa\u00fade e Servi\u00e7os nasceu com o prop\u00f3sito de transformar e otimizar a gest\u00e3o em sa\u00fade no Brasil. Nossa miss\u00e3o \u00e9 oferecer solu\u00e7\u00f5es inovadoras e eficientes para atender aos desafios mais complexos do setor, assegurando um cuidado integral e de qualidade para todos. \n<br><br>\nCom ampla experi\u00eancia no gerenciamento de escalas de profissionais em hospitais, cl\u00ednicas, unidades de Estrat\u00e9gia de Sa\u00fade da Fam\u00edlia e ambulat\u00f3rios de especialidades, nossa equipe se empenha em eliminar barreiras operacionais, garantindo o funcionamento cont\u00ednuo e eficiente dos servi\u00e7os de sa\u00fade.\n<br><br>\nA Euromed tamb\u00e9m \u00e9 refer\u00eancia na gest\u00e3o e opera\u00e7\u00e3o de servi\u00e7os de hemodi\u00e1lise, proporcionando suporte essencial para o tratamento de pacientes renais cr\u00f4nicos e agudos, sempre com foco na excel\u00eancia e no cuidado humanizado.\n<br><br>\nNossa atua\u00e7\u00e3o vai al\u00e9m da gest\u00e3o hospitalar: somos especialistas na distribui\u00e7\u00e3o de medicamentos e materiais m\u00e9dicos, assegurando que insumos essenciais cheguem com agilidade e precis\u00e3o aos profissionais e \u00e0s unidades de sa\u00fade.\n<br><br>\nAcreditamos que, por meio de solu\u00e7\u00f5es inovadoras e um compromisso genu\u00edno com a transforma\u00e7\u00e3o, podemos contribuir para um sistema de sa\u00fade mais eficiente e acess\u00edvel a todos.\n<br><br>\nEuromed Sa\u00fade e Servi\u00e7os \u2013 Gest\u00e3o inteligente, sa\u00fade com prop\u00f3sito.<\/h5>\t\t<\/div>\n\t\t\t\t<\/div>\n\t\t\t\t\t<\/div>\n\t\t\t\t<\/div>\n\t\t\t\t<\/div>\n\t\t","protected":false},"excerpt":{"rendered":"<p>SOBRE A EUROMED Conhe\u00e7a a EuroMed A Euromed Sa\u00fade e Servi\u00e7os nasceu com o prop\u00f3sito de transformar e otimizar a gest\u00e3o em sa\u00fade no Brasil. Nossa miss\u00e3o \u00e9 oferecer solu\u00e7\u00f5es inovadoras e eficientes para atender aos desafios mais complexos do setor, assegurando um cuidado integral e de qualidade para todos. Com ampla experi\u00eancia no gerenciamento [&hellip;]<\/p>\n","protected":false},"author":1,"featured_media":0,"parent":0,"menu_order":0,"comment_status":"closed","ping_status":"closed","template":"elementor_header_footer","meta":{"footnotes":""},"class_list":["post-18","page","type-page","status-publish","hentry"],"_links":{"self":[{"href":"https:\/\/euromedsaude.com.br\/index.php\/wp-json\/wp\/v2\/pages\/18","targetHints":{"allow":["GET"]}}],"collection":[{"href":"https:\/\/euromedsaude.com.br\/index.php\/wp-json\/wp\/v2\/pages"}],"about":[{"href":"https:\/\/euromedsaude.com.br\/index.php\/wp-json\/wp\/v2\/types\/page"}],"author":[{"embeddable":true,"href":"https:\/\/euromedsaude.com.br\/index.php\/wp-json\/wp\/v2\/users\/1"}],"replies":[{"embeddable":true,"href":"https:\/\/euromedsaude.com.br\/index.php\/wp-json\/wp\/v2\/comments?post=18"}],"version-history":[{"count":4,"href":"https:\/\/euromedsaude.com.br\/index.php\/wp-json\/wp\/v2\/pages\/18\/revisions"}],"predecessor-version":[{"id":123,"href":"https:\/\/euromedsaude.com.br\/index.php\/wp-json\/wp\/v2\/pages\/18\/revisions\/123"}],"wp:attachment":[{"href":"https:\/\/euromedsaude.com.br\/index.php\/wp-json\/wp\/v2\/media?parent=18"}],"curies":[{"name":"wp","href":"https:\/\/api.w.org\/{rel}","templated":true}]}}